{"id":5846,"date":"2025-12-30T08:18:24","date_gmt":"2025-12-30T08:18:24","guid":{"rendered":"https:\/\/pureoil.ee\/?post_type=product&#038;p=5846"},"modified":"2026-03-25T19:51:53","modified_gmt":"2026-03-25T19:51:53","slug":"peapael","status":"publish","type":"product","link":"https:\/\/pureoil.ee\/fi\/toode\/peapael\/","title":{"rendered":"Otsapanta"},"content":{"rendered":"<p>Mukava jokap\u00e4iv\u00e4inen otsapanta.<\/p>\n<p>Otsapanta on kolmea eri kokoa. Suojaa korvasi kylm\u00e4lt\u00e4 ja tuulelta sangalla.<\/p>\n<p>Kangas on valmistettu 100 % polyesterista.<\/p>\n<p>Suunniteltu ja valmistettu Virossa!<\/p>\n<p>XS &#8211; 44 cm<\/p>\n<p>S &#8211; 47,5 cm<\/p>\n<p>M &#8211; 53 cm<\/p>","protected":false},"excerpt":{"rendered":"<p>Kangas on valmistettu 100 % polyesterista. P\u00e4\u00e4nauhan valmistuksessa on k\u00e4ytetty kankaan ylij\u00e4\u00e4m\u00e4tuotantoa.<\/p>\n<p>Suunniteltu ja valmistettu Virossa!<\/p>\n","protected":false},"featured_media":5843,"comment_status":"closed","ping_status":"closed","template":"","meta":{"om_disable_all_campaigns":false,"_monsterinsights_skip_tracking":false,"_monsterinsights_sitenote_active":false,"_monsterinsights_sitenote_note":"","_monsterinsights_sitenote_category":0,"_uf_show_specific_survey":0,"_uf_disable_surveys":false},"product_brand":[],"product_cat":[138,121],"product_tag":[],"class_list":{"0":"post-5846","1":"product","2":"type-product","3":"status-publish","4":"has-post-thumbnail","6":"product_cat-peapaelad","7":"product_cat-kevadekuulutaja","9":"first","10":"instock","11":"taxable","12":"shipping-taxable","13":"purchasable","14":"product-type-variable"},"aioseo_notices":[],"_links":{"self":[{"href":"https:\/\/pureoil.ee\/fi\/wp-json\/wp\/v2\/product\/5846","targetHints":{"allow":["GET"]}}],"collection":[{"href":"https:\/\/pureoil.ee\/fi\/wp-json\/wp\/v2\/product"}],"about":[{"href":"https:\/\/pureoil.ee\/fi\/wp-json\/wp\/v2\/types\/product"}],"replies":[{"embeddable":true,"href":"https:\/\/pureoil.ee\/fi\/wp-json\/wp\/v2\/comments?post=5846"}],"wp:featuredmedia":[{"embeddable":true,"href":"https:\/\/pureoil.ee\/fi\/wp-json\/wp\/v2\/media\/5843"}],"wp:attachment":[{"href":"https:\/\/pureoil.ee\/fi\/wp-json\/wp\/v2\/media?parent=5846"}],"wp:term":[{"taxonomy":"product_brand","embeddable":true,"href":"https:\/\/pureoil.ee\/fi\/wp-json\/wp\/v2\/product_brand?post=5846"},{"taxonomy":"product_cat","embeddable":true,"href":"https:\/\/pureoil.ee\/fi\/wp-json\/wp\/v2\/product_cat?post=5846"},{"taxonomy":"product_tag","embeddable":true,"href":"https:\/\/pureoil.ee\/fi\/wp-json\/wp\/v2\/product_tag?post=5846"}],"curies":[{"name":"wp","href":"https:\/\/api.w.org\/{rel}","templated":true}]}}