{"id":5665,"date":"2025-12-18T11:13:57","date_gmt":"2025-12-18T11:13:57","guid":{"rendered":"https:\/\/pureoil.ee\/?post_type=product&#038;p=5665"},"modified":"2026-02-27T12:45:16","modified_gmt":"2026-02-27T12:45:16","slug":"uksematt-kolmnurk","status":"publish","type":"product","link":"https:\/\/pureoil.ee\/fi\/toode\/uksematt-kolmnurk\/","title":{"rendered":"Ovimatto Kolmio"},"content":{"rendered":"<p>Kaunis\u00a0 ja v\u00e4rik\u00e4s kynnys- tai ovimatto, mitat 60x40cm. Maton korkeus 0,5 cm.<\/p>\n<p>Maton alempi kumikerros suojaa lattiaa kosteudelta ja pit\u00e4\u00e4 maton hyvin paikallaan.<\/p>\n<p>Valmistetaan Eestiss\u00e4.<\/p>\n<p>Teemme mattoja my\u00f6s omalla valokuvalla. L\u00e4het\u00e4 kuvasi meille osoitteeseen <strong><a href=\"mailto:avers@avers.ee\">avers@avers.ee<\/a><\/strong> ja hoidamme loput.<\/p>\n<p>Sopii my\u00f6s hyvin lahjaksi.<\/p>","protected":false},"excerpt":{"rendered":"<p>Kaunis\u00a0 ja v\u00e4rik\u00e4s kynnys- tai ovimatto, mitat 60x40cm. Maton korkeus 0,5 cm.<\/p>\n<p>Maton alempi kumikerros suojaa lattiaa kosteudelta ja pit\u00e4\u00e4 maton hyvin paikallaan.<\/p>\n<p>Valmistetaan Eestiss\u00e4.<\/p>\n<p>Teemme mattoja my\u00f6s omalla valokuvalla. L\u00e4het\u00e4 kuvasi meille osoitteeseen <a href=\"mailto:avers@avers.ee\">avers@avers.ee<\/a> ja hoidamme loput.<\/p>\n<p>Sopii my\u00f6s hyvin lahjaksi.<\/p>\n","protected":false},"featured_media":5660,"comment_status":"closed","ping_status":"closed","template":"","meta":{"om_disable_all_campaigns":false,"_monsterinsights_skip_tracking":false,"_monsterinsights_sitenote_active":false,"_monsterinsights_sitenote_note":"","_monsterinsights_sitenote_category":0,"_uf_show_specific_survey":0,"_uf_disable_surveys":false},"product_brand":[],"product_cat":[111,109,73],"product_tag":[],"class_list":{"0":"post-5665","1":"product","2":"type-product","3":"status-publish","4":"has-post-thumbnail","6":"product_cat-sale","7":"product_cat-mats","8":"product_cat-tekstiilid","10":"first","11":"instock","12":"sale","13":"taxable","14":"shipping-taxable","15":"purchasable","16":"product-type-simple"},"aioseo_notices":[],"_links":{"self":[{"href":"https:\/\/pureoil.ee\/fi\/wp-json\/wp\/v2\/product\/5665","targetHints":{"allow":["GET"]}}],"collection":[{"href":"https:\/\/pureoil.ee\/fi\/wp-json\/wp\/v2\/product"}],"about":[{"href":"https:\/\/pureoil.ee\/fi\/wp-json\/wp\/v2\/types\/product"}],"replies":[{"embeddable":true,"href":"https:\/\/pureoil.ee\/fi\/wp-json\/wp\/v2\/comments?post=5665"}],"wp:featuredmedia":[{"embeddable":true,"href":"https:\/\/pureoil.ee\/fi\/wp-json\/wp\/v2\/media\/5660"}],"wp:attachment":[{"href":"https:\/\/pureoil.ee\/fi\/wp-json\/wp\/v2\/media?parent=5665"}],"wp:term":[{"taxonomy":"product_brand","embeddable":true,"href":"https:\/\/pureoil.ee\/fi\/wp-json\/wp\/v2\/product_brand?post=5665"},{"taxonomy":"product_cat","embeddable":true,"href":"https:\/\/pureoil.ee\/fi\/wp-json\/wp\/v2\/product_cat?post=5665"},{"taxonomy":"product_tag","embeddable":true,"href":"https:\/\/pureoil.ee\/fi\/wp-json\/wp\/v2\/product_tag?post=5665"}],"curies":[{"name":"wp","href":"https:\/\/api.w.org\/{rel}","templated":true}]}}