{"id":5518,"date":"2025-12-27T16:35:01","date_gmt":"2025-12-27T16:35:01","guid":{"rendered":"https:\/\/pureoil.ee\/?post_type=product&#038;p=5518"},"modified":"2026-02-27T15:20:58","modified_gmt":"2026-02-27T15:20:58","slug":"sussikott-panda","status":"publish","type":"product","link":"https:\/\/pureoil.ee\/fi\/toode\/sussikott-panda\/","title":{"rendered":"Jumppapussi Panda"},"content":{"rendered":"<p>Kevyt ja helposti taitettava jumppapussi joka mahtuu pieneen tilaan.<\/p>\n<p>Konepest\u00e4v\u00e4.<\/p>\n<p>Tuote valmistetaan ylij\u00e4\u00e4neest\u00e4 kankaan osista, jolla minimoidaan turhaa materiaalih\u00e4vikki\u00e4.<\/p>\n<p>Suunniteltu ja valmistettu Eestiss\u00e4.<\/p>\n<p>Tuotteeseen on mahdollista lis\u00e4t\u00e4 oma nimi. Lis\u00e4hinta nimest\u00e4 vain 3\u20ac.<\/p>\n<p>Sublimaatiopainatus takaa pitk\u00e4aikaisen painatuksen laadun.<\/p>","protected":false},"excerpt":{"rendered":"<p>Kevyt ja helposti taitettava jumppapussi joka mahtuu pieneen tilaan.<\/p>\n<p>Kaksi eri kokoa:<\/p>\n<ul>\n<li>40 x 45 cm (iso)<\/li>\n<li>29 x 40 cm (pieni)<\/li>\n<\/ul>\n<p>Konepest\u00e4v\u00e4.<\/p>\n<p>Tuotteeseen on mahdollista lis\u00e4t\u00e4 oma nimi. Lis\u00e4hinta nimest\u00e4 vain 3\u20ac.<\/p>\n","protected":false},"featured_media":5454,"comment_status":"closed","ping_status":"closed","template":"","meta":{"om_disable_all_campaigns":false,"_monsterinsights_skip_tracking":false,"_monsterinsights_sitenote_active":false,"_monsterinsights_sitenote_note":"","_monsterinsights_sitenote_category":0,"_uf_show_specific_survey":0,"_uf_disable_surveys":false},"product_brand":[],"product_cat":[111,79],"product_tag":[],"class_list":{"0":"post-5518","1":"product","2":"type-product","3":"status-publish","4":"has-post-thumbnail","6":"product_cat-sale","7":"product_cat-sussikotid","9":"first","10":"instock","11":"sale","12":"taxable","13":"shipping-taxable","14":"purchasable","15":"product-type-variable"},"aioseo_notices":[],"_links":{"self":[{"href":"https:\/\/pureoil.ee\/fi\/wp-json\/wp\/v2\/product\/5518","targetHints":{"allow":["GET"]}}],"collection":[{"href":"https:\/\/pureoil.ee\/fi\/wp-json\/wp\/v2\/product"}],"about":[{"href":"https:\/\/pureoil.ee\/fi\/wp-json\/wp\/v2\/types\/product"}],"replies":[{"embeddable":true,"href":"https:\/\/pureoil.ee\/fi\/wp-json\/wp\/v2\/comments?post=5518"}],"wp:featuredmedia":[{"embeddable":true,"href":"https:\/\/pureoil.ee\/fi\/wp-json\/wp\/v2\/media\/5454"}],"wp:attachment":[{"href":"https:\/\/pureoil.ee\/fi\/wp-json\/wp\/v2\/media?parent=5518"}],"wp:term":[{"taxonomy":"product_brand","embeddable":true,"href":"https:\/\/pureoil.ee\/fi\/wp-json\/wp\/v2\/product_brand?post=5518"},{"taxonomy":"product_cat","embeddable":true,"href":"https:\/\/pureoil.ee\/fi\/wp-json\/wp\/v2\/product_cat?post=5518"},{"taxonomy":"product_tag","embeddable":true,"href":"https:\/\/pureoil.ee\/fi\/wp-json\/wp\/v2\/product_tag?post=5518"}],"curies":[{"name":"wp","href":"https:\/\/api.w.org\/{rel}","templated":true}]}}