{"id":5325,"date":"2025-04-26T08:11:14","date_gmt":"2025-04-26T08:11:14","guid":{"rendered":"https:\/\/pureoil.ee\/?post_type=product&#038;p=5325"},"modified":"2025-07-07T15:59:40","modified_gmt":"2025-07-07T15:59:40","slug":"pikeesark-oma-disainiga","status":"publish","type":"product","link":"https:\/\/pureoil.ee\/fi\/toode\/pikeesark-oma-disainiga\/","title":{"rendered":"Pikeepaita omalla suunnittelullasi"},"content":{"rendered":"<p>Erikoismuotoinen pikeepaita urheiluseuraasi tai yrityksellesi<\/p>\n<p>Juuri sellainen pikeepaita, joka on ainutlaatuinen ja tekee sinusta erityisen. Teemme sinulle erityisen suunnittelun, josta pid\u00e4t. Voimme lis\u00e4t\u00e4 logoja ja nimi\u00e4.<\/p>\n<p>&nbsp;<\/p>\n<p>Kankaaksi olemme valinneet kevyen, hengitt\u00e4v\u00e4n ja kest\u00e4v\u00e4n 100 % PES-kankaan, joka voidaan pest\u00e4 pesukoneessa.<\/p>\n<p>&nbsp;<\/p>\n<p>Voit suunnitella itsellesi t\u00e4ysin ainutlaatuisen pikeepaidan. L\u00e4het\u00e4 meille ajatuksesi, niin suunnitellaan yhdess\u00e4 juuri haluamasi tuote. Joten erill\u00e4\u00e4n muista, voit lis\u00e4t\u00e4 suosikkikuvasi, iskulauseesi, sponsorit ja oman nimesi.<\/p>\n<p>Olemme my\u00f6s tehneet joitain vakiomuotoilupohjaa, joista valita.<\/p>\n<p>Jokainen poolopaita valmistetaan tyhj\u00e4st\u00e4, kangasrulla odottaa hyllyll\u00e4 ja tuotanto alkaa pyynn\u00f6st\u00e4si. Riippuen pyydetyst\u00e4 m\u00e4\u00e4r\u00e4st\u00e4, toimitamme paidat sinulle 1-3 viikossa, mutta odotus on vaivan arvoista.<\/p>\n<p>Koot:<\/p>\n<p>100-160 lapsille<\/p>\n<p>Unisex XS-4XL<\/p>\n<p>Naisille XXS-XXL<\/p>\n<p>Kirjoita meille toiveesi osoitteeseen avers@avers.ee<\/p>","protected":false},"excerpt":{"rendered":"<p>Erikoismuotoinen pikeepaita urheiluseuraasi tai yrityksellesi Juuri sellainen pikeepaita, joka on ainutlaatuinen ja tekee sinusta erityisen. Teemme sinulle erityisen suunnittelun, josta<\/p>\n","protected":false},"featured_media":5308,"comment_status":"closed","ping_status":"closed","template":"","meta":{"om_disable_all_campaigns":false,"_monsterinsights_skip_tracking":false,"_monsterinsights_sitenote_active":false,"_monsterinsights_sitenote_note":"","_monsterinsights_sitenote_category":0,"_uf_show_specific_survey":0,"_uf_disable_surveys":false},"product_brand":[],"product_cat":[104],"product_tag":[],"class_list":{"0":"post-5325","1":"product","2":"type-product","3":"status-publish","4":"has-post-thumbnail","6":"product_cat-oma-disainiga-tooted","8":"first","9":"onbackorder","10":"taxable","11":"shipping-taxable","12":"purchasable","13":"product-type-simple"},"aioseo_notices":[],"_links":{"self":[{"href":"https:\/\/pureoil.ee\/fi\/wp-json\/wp\/v2\/product\/5325","targetHints":{"allow":["GET"]}}],"collection":[{"href":"https:\/\/pureoil.ee\/fi\/wp-json\/wp\/v2\/product"}],"about":[{"href":"https:\/\/pureoil.ee\/fi\/wp-json\/wp\/v2\/types\/product"}],"replies":[{"embeddable":true,"href":"https:\/\/pureoil.ee\/fi\/wp-json\/wp\/v2\/comments?post=5325"}],"wp:featuredmedia":[{"embeddable":true,"href":"https:\/\/pureoil.ee\/fi\/wp-json\/wp\/v2\/media\/5308"}],"wp:attachment":[{"href":"https:\/\/pureoil.ee\/fi\/wp-json\/wp\/v2\/media?parent=5325"}],"wp:term":[{"taxonomy":"product_brand","embeddable":true,"href":"https:\/\/pureoil.ee\/fi\/wp-json\/wp\/v2\/product_brand?post=5325"},{"taxonomy":"product_cat","embeddable":true,"href":"https:\/\/pureoil.ee\/fi\/wp-json\/wp\/v2\/product_cat?post=5325"},{"taxonomy":"product_tag","embeddable":true,"href":"https:\/\/pureoil.ee\/fi\/wp-json\/wp\/v2\/product_tag?post=5325"}],"curies":[{"name":"wp","href":"https:\/\/api.w.org\/{rel}","templated":true}]}}