{"id":5245,"date":"2025-12-22T10:24:44","date_gmt":"2025-12-22T10:24:44","guid":{"rendered":"https:\/\/pureoil.ee\/?post_type=product&#038;p=5245"},"modified":"2026-02-27T12:05:31","modified_gmt":"2026-02-27T12:05:31","slug":"vest-roheline-zebra","status":"publish","type":"product","link":"https:\/\/pureoil.ee\/fi\/toode\/vest-roheline-zebra\/","title":{"rendered":"Liivi Vihre\u00e4 Zebra"},"content":{"rendered":"<p>Tuulenpit\u00e4v\u00e4 juoksuliivi<\/p>\n<p>&nbsp;<\/p>\n<p>&nbsp;<\/p>\n<p>Tuulenpit\u00e4v\u00e4st\u00e4 ja vett\u00e4 hylkiv\u00e4st\u00e4 materiaalista valmistettu kevyt juoksuliivi on suunniteltu urheilulliseen istuvuuteen. Sivuilla ja rinnassa on vetoketjulliset taskut. Edess\u00e4 on pitk\u00e4 vetoketju. Kaikkiin vetoketjuihiin on lis\u00e4tty heijastimet parhaan turvallisuuden takaamiseksi pime\u00e4ss\u00e4. Olemme my\u00f6s lis\u00e4nneet heijastavan logon kauluksen takaosaan turvallisuutta silm\u00e4ll\u00e4 pit\u00e4en.<\/p>\n<p>Laadukas tuulenpit\u00e4v\u00e4 ja vett\u00e4 hylkiv\u00e4 kangas on valmistettu Euroopassa. Vetoketjut valmistetaan Virossa.<\/p>\n<p>Liivin etupuolella on ohut verkkovuori, joka varmistaa tuotteen paremman hengitt\u00e4vyyden. Kauluksen sis\u00e4puoli on valmistettu pehme\u00e4st\u00e4 fleecekankaasta. Silloin se on mukavampi niskalle..<\/p>\n<p>&nbsp;<\/p>\n<p>Liivi sopii juoksuun, hiihtoon, py\u00f6r\u00e4ilyyn jne.<\/p>\n<p>&nbsp;<\/p>\n<p>Liivej\u00e4 on mahdollista tilata seurav\u00e4reiss\u00e4. Ota meihin yhteytt\u00e4, niin teemme hyv\u00e4n tarjouksen.<\/p>\n<p>&nbsp;<\/p>\n<p>Liivit on suunniteltu, valmistettu ja testattu Virossa!<\/p>","protected":false},"excerpt":{"rendered":"<p>Tuulenpit\u00e4v\u00e4 juoksuliivi &nbsp; &nbsp; Tuulenpit\u00e4v\u00e4st\u00e4 ja vett\u00e4 hylkiv\u00e4st\u00e4 materiaalista valmistettu kevyt juoksuliivi on suunniteltu urheilulliseen istuvuuteen. Sivuilla ja rinnassa on<\/p>\n","protected":false},"featured_media":5872,"comment_status":"closed","ping_status":"closed","template":"","meta":{"om_disable_all_campaigns":false,"_monsterinsights_skip_tracking":false,"_monsterinsights_sitenote_active":false,"_monsterinsights_sitenote_note":"","_monsterinsights_sitenote_category":0,"_uf_show_specific_survey":0,"_uf_disable_surveys":false},"product_brand":[],"product_cat":[121,123],"product_tag":[],"class_list":{"0":"post-5245","1":"product","2":"type-product","3":"status-publish","4":"has-post-thumbnail","6":"product_cat-kevadekuulutaja","7":"product_cat-vestid","9":"first","10":"instock","11":"taxable","12":"shipping-taxable","13":"purchasable","14":"product-type-variable"},"aioseo_notices":[],"_links":{"self":[{"href":"https:\/\/pureoil.ee\/fi\/wp-json\/wp\/v2\/product\/5245","targetHints":{"allow":["GET"]}}],"collection":[{"href":"https:\/\/pureoil.ee\/fi\/wp-json\/wp\/v2\/product"}],"about":[{"href":"https:\/\/pureoil.ee\/fi\/wp-json\/wp\/v2\/types\/product"}],"replies":[{"embeddable":true,"href":"https:\/\/pureoil.ee\/fi\/wp-json\/wp\/v2\/comments?post=5245"}],"wp:featuredmedia":[{"embeddable":true,"href":"https:\/\/pureoil.ee\/fi\/wp-json\/wp\/v2\/media\/5872"}],"wp:attachment":[{"href":"https:\/\/pureoil.ee\/fi\/wp-json\/wp\/v2\/media?parent=5245"}],"wp:term":[{"taxonomy":"product_brand","embeddable":true,"href":"https:\/\/pureoil.ee\/fi\/wp-json\/wp\/v2\/product_brand?post=5245"},{"taxonomy":"product_cat","embeddable":true,"href":"https:\/\/pureoil.ee\/fi\/wp-json\/wp\/v2\/product_cat?post=5245"},{"taxonomy":"product_tag","embeddable":true,"href":"https:\/\/pureoil.ee\/fi\/wp-json\/wp\/v2\/product_tag?post=5245"}],"curies":[{"name":"wp","href":"https:\/\/api.w.org\/{rel}","templated":true}]}}