{"id":4775,"date":"2024-12-04T08:01:13","date_gmt":"2024-12-04T08:01:13","guid":{"rendered":"https:\/\/pureoil.ee\/?post_type=product&#038;p=4775"},"modified":"2025-01-10T09:43:51","modified_gmt":"2025-01-10T09:43:51","slug":"poekott-sini-kollane-katkine-suda","status":"publish","type":"product","link":"https:\/\/pureoil.ee\/fi\/toode\/poekott-sini-kollane-katkine-suda\/","title":{"rendered":"Ostoskassi blue yellow broken heart"},"content":{"rendered":"<p><span style=\"text-decoration: underline;\"><strong>50% l\u00e4hetet\u00e4\u00e4n suoraan Punaiselle Ristille!!!<\/strong><\/span><\/p>\n<p>&nbsp;<\/p>\n<p>Kangaskassi, jonka toisella puolella kuvionti.<\/p>\n<p>Kangaskassin koko 35 x 44 x 17 cm<\/p>\n<p>Kangaskassi on helppo taittaa kasaan vaikka taskuun eli on k\u00e4tev\u00e4 ostoskassi esim. kauppareissulle.<\/p>\n<p>Konepest\u00e4v\u00e4.<\/p>\n<p>Tuote valmistetaan ylij\u00e4\u00e4neest\u00e4 kankaan osista, jolla minimoidaan turhaa materiaalih\u00e4vikki\u00e4.<\/p>\n<p>Suunniteltu ja valmistettu Eestiss\u00e4.<\/p>","protected":false},"excerpt":{"rendered":"<p>Kangaskassi, jonka toisella puolella kuvionti.<\/p>\n<p>Kangaskassin koko 35 x 44 x 17 cm<\/p>\n<p>Kangaskassi on helppo taittaa kasaan vaikka taskuun eli on k\u00e4tev\u00e4 ostoskassi esim. kauppareissulle.<\/p>\n<p>Konepest\u00e4v\u00e4.<\/p>\n<p>Tuote valmistetaan ylij\u00e4\u00e4neest\u00e4 kankaan osista, jolla minimoidaan turhaa materiaalih\u00e4vikki\u00e4.<\/p>\n<p>Suunniteltu ja valmistettu Eestiss\u00e4.<\/p>\n","protected":false},"featured_media":5068,"comment_status":"closed","ping_status":"closed","template":"","meta":{"om_disable_all_campaigns":false,"_monsterinsights_skip_tracking":false,"_monsterinsights_sitenote_active":false,"_monsterinsights_sitenote_note":"","_monsterinsights_sitenote_category":0,"_uf_show_specific_survey":0,"_uf_disable_surveys":false},"product_brand":[],"product_cat":[111,117,74],"product_tag":[],"class_list":{"0":"post-4775","1":"product","2":"type-product","3":"status-publish","4":"has-post-thumbnail","6":"product_cat-sale","7":"product_cat-kotid","8":"product_cat-poekotid","10":"first","11":"instock","12":"sale","13":"taxable","14":"shipping-taxable","15":"purchasable","16":"product-type-variable"},"aioseo_notices":[],"_links":{"self":[{"href":"https:\/\/pureoil.ee\/fi\/wp-json\/wp\/v2\/product\/4775","targetHints":{"allow":["GET"]}}],"collection":[{"href":"https:\/\/pureoil.ee\/fi\/wp-json\/wp\/v2\/product"}],"about":[{"href":"https:\/\/pureoil.ee\/fi\/wp-json\/wp\/v2\/types\/product"}],"replies":[{"embeddable":true,"href":"https:\/\/pureoil.ee\/fi\/wp-json\/wp\/v2\/comments?post=4775"}],"wp:featuredmedia":[{"embeddable":true,"href":"https:\/\/pureoil.ee\/fi\/wp-json\/wp\/v2\/media\/5068"}],"wp:attachment":[{"href":"https:\/\/pureoil.ee\/fi\/wp-json\/wp\/v2\/media?parent=4775"}],"wp:term":[{"taxonomy":"product_brand","embeddable":true,"href":"https:\/\/pureoil.ee\/fi\/wp-json\/wp\/v2\/product_brand?post=4775"},{"taxonomy":"product_cat","embeddable":true,"href":"https:\/\/pureoil.ee\/fi\/wp-json\/wp\/v2\/product_cat?post=4775"},{"taxonomy":"product_tag","embeddable":true,"href":"https:\/\/pureoil.ee\/fi\/wp-json\/wp\/v2\/product_tag?post=4775"}],"curies":[{"name":"wp","href":"https:\/\/api.w.org\/{rel}","templated":true}]}}