{"id":4187,"date":"2024-03-25T09:29:45","date_gmt":"2024-03-25T09:29:45","guid":{"rendered":"https:\/\/pureoil.ee\/?post_type=product&#038;p=4187"},"modified":"2025-01-10T10:04:56","modified_gmt":"2025-01-10T10:04:56","slug":"padjapuur-oma-disainiga","status":"publish","type":"product","link":"https:\/\/pureoil.ee\/fi\/toode\/padjapuur-oma-disainiga\/","title":{"rendered":"Tyynynp\u00e4\u00e4llinen omalla kuosilla"},"content":{"rendered":"<p>Kaunis ja v\u00e4rik\u00e4s tyynyliina, koko 50 x 50 cm.<\/p>\n<p>Helposti irroitettava ja vaihdettava, jotta voit uusia sisustuksesi ilmeen nopeasti ja vaivattomasti.<\/p>\n<p>Tyynynp\u00e4\u00e4llinen on valmistettu korkealaatuisesta polyesterikankaasta.<\/p>\n<p>Sublimaatiopainatus takaa pitk\u00e4aikaisen painatuksen laadun.<\/p>\n<p>Yll\u00e4t\u00e4 yst\u00e4v\u00e4si, rakkaasi&#8230; lahjatyynyll\u00e4 joka on uniikki ja sinun toimittamalla kuvalla tai designilla tehty.<\/p>\n<p>L\u00e4het\u00e4 meille s\u00e4hk\u00f6postilla kuva tai idea millaisen tuotteen haluat toteuttaa ao. emailiin, niin teemme sinulle mallikuvan tuotteesta.<\/p>\n<p>avers@avers.ee<\/p>\n<p>Valmistettu, suunniteltu ja testattu Eestiss\u00e4.<\/p>\n<p>Huom! Urheiluseurat, yhdistykset yms. Hieno mahdollisuus tehd\u00e4 varainhankintaa t\u00e4ll\u00e4 tuotteella. Olkaa yhteydess\u00e4, autamme mielell\u00e4mme.<\/p>","protected":false},"excerpt":{"rendered":"<p>Kaunis ja v\u00e4rik\u00e4s tyynyliina, koko 50 x 50 cm.<\/p>\n<p>Helposti irroitettava ja vaihdettava, jotta voit uusia sisustuksesi ilmeen nopeasti ja vaivattomasti.<\/p>\n<p>Tyynynp\u00e4\u00e4llinen on valmistettu korkealaatuisesta polyesterikankaasta.<\/p>\n<p>Sublimaatiopainatus takaa pitk\u00e4aikaisen painatuksen laadun.<\/p>\n<p>Yll\u00e4t\u00e4 yst\u00e4v\u00e4si, rakkaasi&#8230; lahjatyynyll\u00e4 joka on uniikki ja sinun toimittamalla kuvalla tai designilla tehty.<\/p>\n<p>L\u00e4het\u00e4 meille s\u00e4hk\u00f6postilla kuva tai idea millaisen tuotteen haluat toteuttaa ao. emailiin, niin teemme sinulle mallikuvan tuotteesta.<\/p>\n<p>avers@avers.ee<\/p>\n<p>Valmistettu, suunniteltu ja testattu Eestiss\u00e4.<\/p>\n<p>Huom! Urheiluseurat, yhdistykset yms. Hieno mahdollisuus tehd\u00e4 varainhankintaa t\u00e4ll\u00e4 tuotteella. Olkaa yhteydess\u00e4, autamme mielell\u00e4mme.<\/p>\n","protected":false},"featured_media":4999,"comment_status":"closed","ping_status":"closed","template":"","meta":{"om_disable_all_campaigns":false,"_monsterinsights_skip_tracking":false,"_monsterinsights_sitenote_active":false,"_monsterinsights_sitenote_note":"","_monsterinsights_sitenote_category":0,"_uf_show_specific_survey":0,"_uf_disable_surveys":false},"product_brand":[],"product_cat":[104],"product_tag":[],"class_list":{"0":"post-4187","1":"product","2":"type-product","3":"status-publish","4":"has-post-thumbnail","6":"product_cat-oma-disainiga-tooted","8":"first","9":"onbackorder","10":"taxable","11":"shipping-taxable","12":"purchasable","13":"product-type-variable"},"aioseo_notices":[],"_links":{"self":[{"href":"https:\/\/pureoil.ee\/fi\/wp-json\/wp\/v2\/product\/4187","targetHints":{"allow":["GET"]}}],"collection":[{"href":"https:\/\/pureoil.ee\/fi\/wp-json\/wp\/v2\/product"}],"about":[{"href":"https:\/\/pureoil.ee\/fi\/wp-json\/wp\/v2\/types\/product"}],"replies":[{"embeddable":true,"href":"https:\/\/pureoil.ee\/fi\/wp-json\/wp\/v2\/comments?post=4187"}],"wp:featuredmedia":[{"embeddable":true,"href":"https:\/\/pureoil.ee\/fi\/wp-json\/wp\/v2\/media\/4999"}],"wp:attachment":[{"href":"https:\/\/pureoil.ee\/fi\/wp-json\/wp\/v2\/media?parent=4187"}],"wp:term":[{"taxonomy":"product_brand","embeddable":true,"href":"https:\/\/pureoil.ee\/fi\/wp-json\/wp\/v2\/product_brand?post=4187"},{"taxonomy":"product_cat","embeddable":true,"href":"https:\/\/pureoil.ee\/fi\/wp-json\/wp\/v2\/product_cat?post=4187"},{"taxonomy":"product_tag","embeddable":true,"href":"https:\/\/pureoil.ee\/fi\/wp-json\/wp\/v2\/product_tag?post=4187"}],"curies":[{"name":"wp","href":"https:\/\/api.w.org\/{rel}","templated":true}]}}