{"id":4027,"date":"2025-03-11T13:23:36","date_gmt":"2025-03-11T13:23:36","guid":{"rendered":"https:\/\/pureoil.ee\/?post_type=product&#038;p=4027"},"modified":"2025-07-07T16:00:48","modified_gmt":"2025-07-07T16:00:48","slug":"pearatik-bandana-hunt","status":"publish","type":"product","link":"https:\/\/pureoil.ee\/fi\/toode\/pearatik-bandana-hunt\/","title":{"rendered":"Bandana Susi"},"content":{"rendered":"<p>Mukava ja v\u00e4rik\u00e4s bandana-tyyppinen p\u00e4\u00e4hine.<u><\/u><u><\/u><\/p>\n<p>Valmistettu nopeasti kuivuvasta ja pehme\u00e4st\u00e4 Oeko-Tex-kankaasta.\u00a0\u00a0<u><\/u><u><\/u><\/p>\n<p>Koko ja istuvuus s\u00e4\u00e4dett\u00e4viss\u00e4.\u00a0\u00a0<u><\/u><u><\/u><\/p>\n<p>Erinomainen aurinkosuoja, esim. rannalle, py\u00f6r\u00e4ilyyn, rullaluisteluun tai vaikka lomamatkalle.<u><\/u><\/p>\n<p>Kangas on valmistettu 100% polyesterist\u00e4 ja se on \u00d6KO-Tex-standardin 100 mukainen.<\/p>\n<p><u><\/u><u><\/u>Huivi valmistetaan ylij\u00e4\u00e4neest\u00e4 kankaan osista, jolla minimoidaan turhaa materiaalih\u00e4vikki\u00e4.<u><\/u><\/p>\n<p>Suunniteltu ja valmistettu Eestiss\u00e4.<u><\/u><\/p>\n<p>Sublimaatiopainatus takaa pitk\u00e4aikaisen painatuksen laadun.<\/p>\n<p><\/p>","protected":false},"excerpt":{"rendered":"<p>Mukava ja v\u00e4rik\u00e4s bandana-tyyppinen p\u00e4\u00e4hine.<u><\/u><u><\/u><\/p>\n<p>Valmistettu nopeasti kuivuvasta ja pehme\u00e4st\u00e4 Oeko-Tex-kankaasta.\u00a0\u00a0<u><\/u><u><\/u><\/p>\n<p>Koko ja istuvuus s\u00e4\u00e4dett\u00e4viss\u00e4.\u00a0\u00a0<u><\/u><u><\/u><\/p>\n<p>Erinomainen aurinkosuoja, esim. rannalle, py\u00f6r\u00e4ilyyn, rullaluisteluun tai vaikka lomamatkalle.<u><\/u><\/p>\n<p>Kangas on valmistettu 100% polyesterist\u00e4 ja se on \u00d6KO-Tex-standardin 100 mukainen.<\/p>\n<p><u><\/u><u><\/u>Huivi valmistetaan ylij\u00e4\u00e4neest\u00e4 kankaan osista, jolla minimoidaan turhaa materiaalih\u00e4vikki\u00e4.<u><\/u><\/p>\n<p>Suunniteltu ja valmistettu Eestiss\u00e4.<u><\/u><\/p>\n<p>Sublimaatiopainatus takaa pitk\u00e4aikaisen painatuksen laadun.<\/p>\n","protected":false},"featured_media":4994,"comment_status":"closed","ping_status":"closed","template":"","meta":{"om_disable_all_campaigns":false,"_monsterinsights_skip_tracking":false,"_monsterinsights_sitenote_active":false,"_monsterinsights_sitenote_note":"","_monsterinsights_sitenote_category":0,"_uf_show_specific_survey":0,"_uf_disable_surveys":false},"product_brand":[],"product_cat":[106,73],"product_tag":[],"class_list":{"0":"post-4027","1":"product","2":"type-product","3":"status-publish","4":"has-post-thumbnail","6":"product_cat-pearatik","7":"product_cat-tekstiilid","9":"first","10":"instock","11":"taxable","12":"shipping-taxable","13":"purchasable","14":"product-type-simple"},"aioseo_notices":[],"_links":{"self":[{"href":"https:\/\/pureoil.ee\/fi\/wp-json\/wp\/v2\/product\/4027","targetHints":{"allow":["GET"]}}],"collection":[{"href":"https:\/\/pureoil.ee\/fi\/wp-json\/wp\/v2\/product"}],"about":[{"href":"https:\/\/pureoil.ee\/fi\/wp-json\/wp\/v2\/types\/product"}],"replies":[{"embeddable":true,"href":"https:\/\/pureoil.ee\/fi\/wp-json\/wp\/v2\/comments?post=4027"}],"wp:featuredmedia":[{"embeddable":true,"href":"https:\/\/pureoil.ee\/fi\/wp-json\/wp\/v2\/media\/4994"}],"wp:attachment":[{"href":"https:\/\/pureoil.ee\/fi\/wp-json\/wp\/v2\/media?parent=4027"}],"wp:term":[{"taxonomy":"product_brand","embeddable":true,"href":"https:\/\/pureoil.ee\/fi\/wp-json\/wp\/v2\/product_brand?post=4027"},{"taxonomy":"product_cat","embeddable":true,"href":"https:\/\/pureoil.ee\/fi\/wp-json\/wp\/v2\/product_cat?post=4027"},{"taxonomy":"product_tag","embeddable":true,"href":"https:\/\/pureoil.ee\/fi\/wp-json\/wp\/v2\/product_tag?post=4027"}],"curies":[{"name":"wp","href":"https:\/\/api.w.org\/{rel}","templated":true}]}}