{"id":3904,"date":"2024-02-09T13:34:46","date_gmt":"2024-02-09T13:34:46","guid":{"rendered":"https:\/\/pureoil.ee\/?post_type=product&#038;p=3904"},"modified":"2025-01-10T10:05:29","modified_gmt":"2025-01-10T10:05:29","slug":"sussikott-jaalind-kopeeri","status":"publish","type":"product","link":"https:\/\/pureoil.ee\/fi\/toode\/sussikott-jaalind-kopeeri\/","title":{"rendered":"Jumppapussi Omalla Kuosilla"},"content":{"rendered":"<p>Kevyt ja helposti taitettava jumppapussi joka mahtuu pieneen tilaan.<\/p>\n<p>Konepest\u00e4v\u00e4.<\/p>\n<p>Tuote valmistetaan ylij\u00e4\u00e4neest\u00e4 kankaan osista, jolla minimoidaan turhaa materiaalih\u00e4vikki\u00e4.<\/p>\n<p>L\u00e4het\u00e4 meille s\u00e4hk\u00f6postilla kuva tai idea millaisen tuotteen haluat toteuttaa ao. emailiin, niin teemme sinulle mallikuvan tuotteesta.<\/p>\n<p>avers@avers.ee<\/p>\n<p>Suunniteltu ja valmistettu Eestiss\u00e4.<\/p>\n<p>Sublimaatiopainatus takaa pitk\u00e4aikaisen painatuksen laadun.<\/p>","protected":false},"excerpt":{"rendered":"<p>Kevyt ja helposti taitettava jumppapussi joka mahtuu pieneen tilaan.<\/p>\n<p>Kaksi eri kokoa:<\/p>\n<ul>\n<li>40 x 45 cm (iso)<\/li>\n<li>29 x 40 cm (pieni)<\/li>\n<\/ul>\n<p>Konepest\u00e4v\u00e4.<\/p>\n<p>L\u00e4het\u00e4 meille s\u00e4hk\u00f6postilla kuva tai idea millaisen tuotteen haluat toteuttaa emailiin <strong><a href=\"mailto:avers@avers.ee\">avers@avers.ee<\/a><\/strong>, niin teemme sinulle mallikuvan tuotteesta.<\/p>\n<p>Minimitilausm\u00e4\u00e4r\u00e4 10kpl per design.<\/p>\n<p>Toimitusaika 2 viikkoa.<\/p>\n","protected":false},"featured_media":5128,"comment_status":"closed","ping_status":"closed","template":"","meta":{"om_disable_all_campaigns":false,"_monsterinsights_skip_tracking":false,"_monsterinsights_sitenote_active":false,"_monsterinsights_sitenote_note":"","_monsterinsights_sitenote_category":0,"_uf_show_specific_survey":0,"_uf_disable_surveys":false},"product_brand":[],"product_cat":[104],"product_tag":[],"class_list":{"0":"post-3904","1":"product","2":"type-product","3":"status-publish","4":"has-post-thumbnail","6":"product_cat-oma-disainiga-tooted","8":"first","9":"onbackorder","10":"taxable","11":"shipping-taxable","12":"purchasable","13":"product-type-variable"},"aioseo_notices":[],"_links":{"self":[{"href":"https:\/\/pureoil.ee\/fi\/wp-json\/wp\/v2\/product\/3904","targetHints":{"allow":["GET"]}}],"collection":[{"href":"https:\/\/pureoil.ee\/fi\/wp-json\/wp\/v2\/product"}],"about":[{"href":"https:\/\/pureoil.ee\/fi\/wp-json\/wp\/v2\/types\/product"}],"replies":[{"embeddable":true,"href":"https:\/\/pureoil.ee\/fi\/wp-json\/wp\/v2\/comments?post=3904"}],"wp:featuredmedia":[{"embeddable":true,"href":"https:\/\/pureoil.ee\/fi\/wp-json\/wp\/v2\/media\/5128"}],"wp:attachment":[{"href":"https:\/\/pureoil.ee\/fi\/wp-json\/wp\/v2\/media?parent=3904"}],"wp:term":[{"taxonomy":"product_brand","embeddable":true,"href":"https:\/\/pureoil.ee\/fi\/wp-json\/wp\/v2\/product_brand?post=3904"},{"taxonomy":"product_cat","embeddable":true,"href":"https:\/\/pureoil.ee\/fi\/wp-json\/wp\/v2\/product_cat?post=3904"},{"taxonomy":"product_tag","embeddable":true,"href":"https:\/\/pureoil.ee\/fi\/wp-json\/wp\/v2\/product_tag?post=3904"}],"curies":[{"name":"wp","href":"https:\/\/api.w.org\/{rel}","templated":true}]}}