{"id":3862,"date":"2024-12-29T10:23:19","date_gmt":"2024-12-29T10:23:19","guid":{"rendered":"https:\/\/pureoil.ee\/?post_type=product&#038;p=3862"},"modified":"2025-01-10T10:01:53","modified_gmt":"2025-01-10T10:01:53","slug":"torusall-oma-disainiga","status":"publish","type":"product","link":"https:\/\/pureoil.ee\/fi\/toode\/torusall-oma-disainiga\/","title":{"rendered":"Tuubihuivi omalla kuosilla"},"content":{"rendered":"<p>Tuubihuivi on tyylik\u00e4s ja k\u00e4tev\u00e4 asuste vauhdikkaaseenkin menoon. Tuubihuivi peitt\u00e4\u00e4 koko kaulan ja suojaa siten tehokkaasti kylm\u00e4lt\u00e4 ja viimalta. Kylm\u00e4ll\u00e4 s\u00e4\u00e4ll\u00e4 se on helppo rullata yl\u00f6s suojaamaan my\u00f6s kasvojen alaosaa. K\u00e4yt\u00e4nn\u00f6llisyyden lis\u00e4ksi tuubihuivit tuovat my\u00f6s piristyst\u00e4 niin sporttiseen kuin vapaa-ajankin tyyliin.<\/p>\n<p>L\u00e4het\u00e4 meille s\u00e4hk\u00f6postilla kuva tai idea millaisen tuotteen haluat toteuttaa ao. emailiin, niin teemme sinulle mallikuvan tuotteesta.<\/p>\n<p>avers@avers.ee<\/p>\n<p>Valmistettu Eestiss\u00e4.<\/p>","protected":false},"excerpt":{"rendered":"<p>Tuubihuivi on tyylik\u00e4s ja k\u00e4tev\u00e4 asuste vauhdikkaaseenkin menoon. Tuubihuivi peitt\u00e4\u00e4 koko kaulan ja suojaa siten tehokkaasti kylm\u00e4lt\u00e4 ja viimalta. Kylm\u00e4ll\u00e4 s\u00e4\u00e4ll\u00e4 se on helppo rullata yl\u00f6s suojaamaan my\u00f6s kasvojen alaosaa. K\u00e4yt\u00e4nn\u00f6llisyyden lis\u00e4ksi tuubihuivit tuovat my\u00f6s piristyst\u00e4 niin sporttiseen kuin vapaa-ajankin tyyliin.<\/p>\n<p>L\u00e4het\u00e4 meille s\u00e4hk\u00f6postilla kuva tai idea millaisen tuotteen haluat toteuttaa ao. emailiin, niin teemme sinulle mallikuvan tuotteesta.<\/p>\n<p>avers@avers.ee<\/p>\n<p>Valmistettu Eestiss\u00e4.<\/p>\n","protected":false},"featured_media":4958,"comment_status":"closed","ping_status":"closed","template":"","meta":{"om_disable_all_campaigns":false,"_monsterinsights_skip_tracking":false,"_monsterinsights_sitenote_active":false,"_monsterinsights_sitenote_note":"","_monsterinsights_sitenote_category":0,"_uf_show_specific_survey":0,"_uf_disable_surveys":false},"product_brand":[],"product_cat":[104],"product_tag":[],"class_list":{"0":"post-3862","1":"product","2":"type-product","3":"status-publish","4":"has-post-thumbnail","6":"product_cat-oma-disainiga-tooted","8":"first","9":"onbackorder","10":"featured","11":"taxable","12":"shipping-taxable","13":"purchasable","14":"product-type-simple"},"aioseo_notices":[],"_links":{"self":[{"href":"https:\/\/pureoil.ee\/fi\/wp-json\/wp\/v2\/product\/3862","targetHints":{"allow":["GET"]}}],"collection":[{"href":"https:\/\/pureoil.ee\/fi\/wp-json\/wp\/v2\/product"}],"about":[{"href":"https:\/\/pureoil.ee\/fi\/wp-json\/wp\/v2\/types\/product"}],"replies":[{"embeddable":true,"href":"https:\/\/pureoil.ee\/fi\/wp-json\/wp\/v2\/comments?post=3862"}],"wp:featuredmedia":[{"embeddable":true,"href":"https:\/\/pureoil.ee\/fi\/wp-json\/wp\/v2\/media\/4958"}],"wp:attachment":[{"href":"https:\/\/pureoil.ee\/fi\/wp-json\/wp\/v2\/media?parent=3862"}],"wp:term":[{"taxonomy":"product_brand","embeddable":true,"href":"https:\/\/pureoil.ee\/fi\/wp-json\/wp\/v2\/product_brand?post=3862"},{"taxonomy":"product_cat","embeddable":true,"href":"https:\/\/pureoil.ee\/fi\/wp-json\/wp\/v2\/product_cat?post=3862"},{"taxonomy":"product_tag","embeddable":true,"href":"https:\/\/pureoil.ee\/fi\/wp-json\/wp\/v2\/product_tag?post=3862"}],"curies":[{"name":"wp","href":"https:\/\/api.w.org\/{rel}","templated":true}]}}