{"id":3685,"date":"2024-12-30T12:31:12","date_gmt":"2024-12-30T12:31:12","guid":{"rendered":"https:\/\/pureoil.ee\/?post_type=product&#038;p=3685"},"modified":"2025-01-10T10:01:44","modified_gmt":"2025-01-10T10:01:44","slug":"poekott-lovi","status":"publish","type":"product","link":"https:\/\/pureoil.ee\/fi\/toode\/poekott-lovi\/","title":{"rendered":"Ostoskassi Leijona"},"content":{"rendered":"<p>Kevyt ja helposti taitettava joka mahtuu pieneen tilaan.<\/p>\n<p>Konepest\u00e4v\u00e4.<\/p>\n<p>Tuote valmistetaan ylij\u00e4\u00e4neest\u00e4 kankaan osista, jolla minimoidaan turhaa materiaalih\u00e4vikki\u00e4.<\/p>\n<p>Suunniteltu ja valmistettu Eestiss\u00e4.<\/p>\n<p>&nbsp;<\/p>\n<p>Sublimaatiopainatus takaa pitk\u00e4aikaisen painatuksen laadun.<\/p>","protected":false},"excerpt":{"rendered":"<p>Kevyt ja helposti taitettava joka mahtuu pieneen tilaan.<\/p>\n<p>Kolme eri kokoa:<\/p>\n<ul>\n<li>33 x 39 cm<\/li>\n<li>34 x 40 x 4 cm<\/li>\n<li>35 x 44 x 17 cm<\/li>\n<\/ul>\n<p>Konepest\u00e4v\u00e4.<\/p>\n<p>Tuotteeseen on mahdollista lis\u00e4t\u00e4 oma nimi. Lis\u00e4hinta nimest\u00e4 vain 2\u20ac.<\/p>\n","protected":false},"featured_media":5057,"comment_status":"closed","ping_status":"closed","template":"","meta":{"om_disable_all_campaigns":false,"_monsterinsights_skip_tracking":false,"_monsterinsights_sitenote_active":false,"_monsterinsights_sitenote_note":"","_monsterinsights_sitenote_category":0,"_uf_show_specific_survey":0,"_uf_disable_surveys":false},"product_brand":[],"product_cat":[117,74],"product_tag":[],"class_list":{"0":"post-3685","1":"product","2":"type-product","3":"status-publish","4":"has-post-thumbnail","6":"product_cat-kotid","7":"product_cat-poekotid","9":"first","10":"instock","11":"taxable","12":"shipping-taxable","13":"purchasable","14":"product-type-variable","15":"has-default-attributes"},"aioseo_notices":[],"_links":{"self":[{"href":"https:\/\/pureoil.ee\/fi\/wp-json\/wp\/v2\/product\/3685","targetHints":{"allow":["GET"]}}],"collection":[{"href":"https:\/\/pureoil.ee\/fi\/wp-json\/wp\/v2\/product"}],"about":[{"href":"https:\/\/pureoil.ee\/fi\/wp-json\/wp\/v2\/types\/product"}],"replies":[{"embeddable":true,"href":"https:\/\/pureoil.ee\/fi\/wp-json\/wp\/v2\/comments?post=3685"}],"wp:featuredmedia":[{"embeddable":true,"href":"https:\/\/pureoil.ee\/fi\/wp-json\/wp\/v2\/media\/5057"}],"wp:attachment":[{"href":"https:\/\/pureoil.ee\/fi\/wp-json\/wp\/v2\/media?parent=3685"}],"wp:term":[{"taxonomy":"product_brand","embeddable":true,"href":"https:\/\/pureoil.ee\/fi\/wp-json\/wp\/v2\/product_brand?post=3685"},{"taxonomy":"product_cat","embeddable":true,"href":"https:\/\/pureoil.ee\/fi\/wp-json\/wp\/v2\/product_cat?post=3685"},{"taxonomy":"product_tag","embeddable":true,"href":"https:\/\/pureoil.ee\/fi\/wp-json\/wp\/v2\/product_tag?post=3685"}],"curies":[{"name":"wp","href":"https:\/\/api.w.org\/{rel}","templated":true}]}}