{"id":2991,"date":"2020-04-27T12:21:56","date_gmt":"2020-04-27T12:21:56","guid":{"rendered":"http:\/\/pureoil.ee\/?page_id=2991"},"modified":"2020-04-29T12:21:41","modified_gmt":"2020-04-29T12:21:41","slug":"privaatsuspoliitika","status":"publish","type":"page","link":"https:\/\/pureoil.ee\/fi\/privaatsuspoliitika\/","title":{"rendered":"Rekisteriseloste ja tietosuojalauseke"},"content":{"rendered":"<p><span style=\"font-family: Georgia, serif;\"><span style=\"font-size: small;\"><b><span style=\"color: #5c2e00;\">T\u00e4m\u00e4 on ASF Sportswear OY:n EU:n yleisen tietosuoja-asetuksen (GDPR) mukainen rekisteri- ja tietosuojaseloste.<\/span><\/b><\/span><\/span><\/p>\n<p><span style=\"color: #5c2e00;\"><span style=\"font-family: Georgia, serif;\"><span style=\"font-size: small;\">Asiakkaan henkil\u00f6tietoja ker\u00e4t\u00e4\u00e4n asiakkaalta itselt\u00e4\u00e4n pureoil.ee verkkokauppaan rekister\u00f6itymisen tai verkkokaupan tilauksen teon yhteydess\u00e4.\u00a0<\/span><\/span><\/span><\/p>\n<p><span style=\"color: #5c2e00;\"><span style=\"font-family: Georgia, serif;\"><span style=\"font-size: small;\">Tilauksen tekeminen ei edellyt\u00e4 rekister\u00f6itymist\u00e4. J\u00e4tt\u00e4m\u00e4ll\u00e4 tilauksen asiakas<\/span><\/span><\/span><span style=\"font-family: Georgia, serif;\"><span style=\"font-size: small;\"><span style=\"color: #5c2e00;\">\u00a0hyv\u00e4ksyy henkil\u00f6tietojensa liitt\u00e4misen <\/span><\/span><\/span><span style=\"color: #5c2e00;\"><span style=\"font-family: Georgia, serif;\"><span style=\"font-size: small;\">ASF Sportswear OY<\/span><\/span><\/span><span style=\"font-family: Georgia, serif;\"><span style=\"font-size: small;\"><span style=\"color: #5c2e00;\">:n asiakasrekisteriin. Tilauksen tekeminen edellytt\u00e4\u00e4, ett\u00e4 asiakas hyv\u00e4ksyy toimitusehtomme sek\u00e4 tietosuojak\u00e4yt\u00e4nt\u00f6mme.<\/span><\/span><\/span><\/p>\n<p><span style=\"font-family: Georgia, serif;\"><span style=\"font-size: small;\"><span style=\"color: #5c2e00;\">Asiakas voi tilauksen tekemisen yhteydess\u00e4 tai muulla tavoin liitty\u00e4 <\/span><\/span><\/span><span style=\"color: #5c2e00;\"><span style=\"font-family: Georgia, serif;\"><span style=\"font-size: small;\">ASF Sportswear OY<\/span><\/span><\/span><span style=\"font-family: Georgia, serif;\"><span style=\"font-size: small;\"><span style=\"color: #5c2e00;\">:n uutiskirjerekisteriin saadakseen tietoa ja tarjouksia s\u00e4hk\u00f6postitse.\u00a0<\/span><\/span><\/span><\/p>\n<p><span style=\"font-family: Georgia, serif;\"><span style=\"font-size: small;\"><b><span style=\"color: #5c2e00;\">Rekisterinpit\u00e4j\u00e4<br \/>\n<\/span><\/b><\/span><\/span><span style=\"color: #5c2e00;\"><span style=\"font-family: Georgia, serif;\"><span style=\"font-size: small;\">ASF Sportswear O\u00dc, Suur-Paala 2a, 13619 Tallinn, Estonia; Business ID EE11933947<\/span><\/span><\/span><\/p>\n<p><span style=\"font-size: medium;\"><span style=\"color: #5c2e00;\"><span style=\"font-family: Georgia, serif;\"><span style=\"font-size: small;\"><b><span style=\"font-family: Times New Roman, serif;\">Rekisteriasioita hoitava henkil\u00f6<br \/>\n<\/span><\/b><\/span><\/span><\/span><\/span><span style=\"font-size: medium;\"><span style=\"color: #5c2e00;\"><span style=\"font-family: Georgia, serif;\"><span style=\"font-size: small;\">Sven Maibaum<br \/>\nTel. +372 5100990<\/span><\/span><\/span><\/span><\/p>\n<p><span style=\"color: #5c2e00;\"><span style=\"font-family: Georgia, serif;\"><span style=\"font-size: small;\">e-mail:\u00a0<\/span><\/span><\/span><span style=\"font-family: Georgia, serif;\"><span style=\"font-size: small;\"><a href=\"mailto:avers@avers.ee\">avers@avers.ee<\/a><\/span><\/span><\/p>\n<p><span style=\"font-family: Georgia, serif;\"><span style=\"font-size: small;\"><b><span style=\"color: #5c2e00;\">Rekisterien nimet<\/span><\/b><\/span><\/span><span style=\"color: #5c2e00;\"><span style=\"font-family: Georgia, serif;\"><span style=\"font-size: small;\"><br \/>\nPureoil.ee verkkokaupan asiakasrekisteri ja uutiskirjerekisteri.<\/p>\n<p><\/span><\/span><\/span><span style=\"font-family: Georgia, serif;\"><span style=\"font-size: small;\"><b><span style=\"color: #5c2e00;\">Rekisterien pit\u00e4misen perusteet ja k\u00e4ytt\u00f6tarkoitus<br \/>\n<\/span><\/b><\/span><\/span><span style=\"color: #5c2e00;\"><span style=\"font-family: Georgia, serif;\"><span style=\"font-size: small;\">Asiakasrekisteriss\u00e4 olevat henkil\u00f6t ovat ostaneet tuotteita verkkokaupasta. Asiakasrekisterin k\u00e4ytt\u00f6tarkoitus on asiakkaiden tilausten k\u00e4sittely, toimitus, asiakassuhteen hoitaminen sek\u00e4 arkistointi.<\/span><\/span><\/span><span style=\"font-family: Georgia, serif;\"><span style=\"font-size: small;\"><span style=\"color: #5c2e00;\">\u00a0Tietoja voidaan k\u00e4ytt\u00e4\u00e4 tilastoimiseen ja toiminnan kehitt\u00e4miseen.\u00a0<\/span><\/span><\/span><span style=\"color: #5c2e00;\"><span style=\"font-family: Georgia, serif;\"><span style=\"font-size: small;\">Henkil\u00f6tietoja k\u00e4sitell\u00e4\u00e4n henkil\u00f6tietolain sallimissa ja edellytt\u00e4miss\u00e4 rajoissa. Henkil\u00f6tietojen ker\u00e4\u00e4minen perustuu sopimukseen. Asiakasrekisterin tietoja ei luovuteta eteenp\u00e4in eik\u00e4 niit\u00e4 k\u00e4ytet\u00e4 markkinointiin ilman asiakkaan hyv\u00e4ksynt\u00e4\u00e4. Uutiskirjerekisteri\u00e4 k\u00e4ytet\u00e4\u00e4n markkinointiin. Uutiskirjerekisteriss\u00e4 ovat ne henkil\u00f6t, jotka ovat itse uutiskirjeen tilanneet rekister\u00f6itymisen, tilauksen tekemisen tai muun linkin kautta. Uutiskirje perustuu asiakkaan suostumukseen.<\/p>\n<p><\/span><\/span><\/span><span style=\"font-family: Georgia, serif;\"><span style=\"font-size: small;\"><b><span style=\"color: #5c2e00;\">Rekisterien sis\u00e4lt\u00e4m\u00e4t tiedot<\/span><\/b><\/span><\/span><span style=\"color: #5c2e00;\"><span style=\"font-family: Georgia, serif;\"><span style=\"font-size: small;\"><br \/>\nAsiakasrekisteri sis\u00e4lt\u00e4\u00e4 seuraavat tiedot:<\/span><\/span><\/span><\/p>\n<ul>\n<li><span style=\"color: #5c2e00;\"><span style=\"font-family: Georgia, serif;\"><span style=\"font-size: small;\">Henkil\u00f6n etu- ja sukunimi<\/span><\/span><\/span><\/li>\n<li><span style=\"color: #5c2e00;\"><span style=\"font-family: Georgia, serif;\"><span style=\"font-size: small;\">S\u00e4hk\u00f6postiosoite<\/span><\/span><\/span><\/li>\n<li><span style=\"color: #5c2e00;\"><span style=\"font-family: Georgia, serif;\"><span style=\"font-size: small;\">Postiosoite<\/span><\/span><\/span><\/li>\n<li><span style=\"color: #5c2e00;\"><span style=\"font-family: Georgia, serif;\"><span style=\"font-size: small;\">Puhelinnumero<\/span><\/span><\/span><\/li>\n<li><span style=\"color: #5c2e00;\"><span style=\"font-family: Georgia, serif;\"><span style=\"font-size: small;\">Tiedot k\u00e4sitellyist\u00e4 tilauksista\u00a0<\/span><\/span><\/span><\/li>\n<\/ul>\n<p><span style=\"color: #5c2e00;\"><span style=\"font-family: Georgia, serif;\"><span style=\"font-size: small;\">Uutiskirjerekisteri sis\u00e4lt\u00e4\u00e4 seuraavat tiedot:<\/span><\/span><\/span><\/p>\n<ul>\n<li><span style=\"color: #5c2e00;\"><span style=\"font-family: Georgia, serif;\"><span style=\"font-size: small;\">Henkil\u00f6n etu- ja sukunimi<\/span><\/span><\/span><\/li>\n<li><span style=\"color: #5c2e00;\"><span style=\"font-family: Georgia, serif;\"><span style=\"font-size: small;\">S\u00e4hk\u00f6postiosoite<\/span><\/span><\/span><\/li>\n<\/ul>\n<p><span style=\"color: #5c2e00;\">\u00a0<\/span><\/p>\n<p><span style=\"font-family: Georgia, serif;\"><span style=\"font-size: small;\"><b><span style=\"color: #5c2e00;\">Ev\u00e4steiden k\u00e4ytt\u00f6<br \/>\n<\/span><\/b><\/span><\/span><span style=\"color: #5c2e00;\"><span style=\"font-family: Georgia, serif;\"><span style=\"font-size: small;\">ASF Sportswear OY<\/span><\/span><\/span><span style=\"color: #5c2e00;\"><span style=\"font-family: Georgia, serif;\"><span style=\"font-size: small;\">:n verkkokauppa k\u00e4ytt\u00e4\u00e4 cookie- eli ev\u00e4stetiedostoja siten, ett\u00e4 internetsivujen k\u00e4ytt\u00e4j\u00e4n yksityisyydensuojaa ei loukata. Verkkokaupoissa yleisesti k\u00e4ytetyt ev\u00e4steet ovat pieni\u00e4 tunnistetiedostoja, jotka siirtyv\u00e4t palvelimelta vierailijan tietokoneeseen istunnon aikana. Ev\u00e4steiden k\u00e4yt\u00f6n tulee olla sallittuna internet-selaimessa, ett\u00e4 voit ostaa tuotteita verkkokaupastamme. K\u00e4yt\u00e4mme ev\u00e4steit\u00e4 helpottaaksemme verkkokaupassa asioimista. Ev\u00e4steiden k\u00e4ytt\u00f6 on turvallista, eik\u00e4 se n\u00e4y asiakkaalle istunnon aikana eik\u00e4 vahingoita tai hidasta asiakkaan tietokonetta.<\/span><\/span><\/span><\/p>\n<p><span style=\"font-family: Georgia, serif;\"><span style=\"font-size: small;\"><b><span style=\"color: #5c2e00;\">Rekisterin suojaus<\/span><\/b><\/span><\/span><span style=\"color: #5c2e00;\"><span style=\"font-family: Georgia, serif;\"><span style=\"font-size: small;\">\u00a0<\/span><\/span><\/span><span style=\"font-family: Georgia, serif;\"><span style=\"font-size: small;\"><b><span style=\"color: #5c2e00;\">ja tietoturvallisuus<\/span><\/b><\/span><\/span><span style=\"color: #5c2e00;\"><span style=\"font-family: Georgia, serif;\"><span style=\"font-size: small;\"><br \/>\nRekisterien tietoihin p\u00e4\u00e4sev\u00e4t k\u00e4siksi ainoastaan ne henkil\u00f6t, joilla on siihen ty\u00f6ns\u00e4 puolesta oikeus. Kaikki rekisterit ja ohjelmat ovat salasanoilla suojattuja. Kaikkia rekisterien k\u00e4ytt\u00e4ji\u00e4 sitoo vaitiolovelvollisuus. Henkil\u00f6- ja maksutiedot k\u00e4sitell\u00e4\u00e4n aina salatussa SSL-yhteydess\u00e4. Maksutiedot (henkil\u00f6tunnus, verkkopankki, luottokortti) k\u00e4sitell\u00e4\u00e4n ulkopuolisessa suojatussa ja salatussa j\u00e4rjestelm\u00e4ss\u00e4, ja maksajan henkil\u00f6tunnusta tai maksu- ja luottokortin numeroita yms. tunnistetietoja ei tallenneta verkkokauppaan.\u00a0<\/span><\/span><\/span><\/p>\n<p><span style=\"font-family: Georgia, serif;\"><span style=\"font-size: small;\"><b><span style=\"color: #5c2e00;\">Tietojen luovutus<\/span><\/b><\/span><\/span><span style=\"color: #5c2e00;\"><span style=\"font-family: Georgia, serif;\"><span style=\"font-size: small;\"><br \/>\nEmme luovuta tietoja markkinointitarkoituksiin kolmannelle osapuolelle. Luovutamme tietoja ainoastaan esimerkiksi kuljetusliikkeille ja muille yhteisty\u00f6kumppaneille.\u00a0<\/span><\/span><\/span><\/p>\n<p><span style=\"font-family: Georgia, serif;\"><span style=\"font-size: small;\"><span style=\"color: #5c2e00;\">J\u00e4rjestelm\u00e4\u00e4n tallennettuihin rekisterin sis\u00e4lt\u00e4miin tietoihin p\u00e4\u00e4sev\u00e4t ja niit\u00e4 ovat oikeutetut k\u00e4ytt\u00e4m\u00e4\u00e4n vain ennalta m\u00e4\u00e4r\u00e4tyt yrityksen ty\u00f6ntekij\u00e4t ja\/tai yhteisty\u00f6kumppanit, kuten verkkosivujen palveluntarjoaja.\u00a0<\/span><\/span><\/span><span style=\"color: #5c2e00;\"><span style=\"font-family: Georgia, serif;\"><span style=\"font-size: small;\">Tilauksen tehdess\u00e4si, hyv\u00e4ksyt samalla tietojesi luovutuksen tarpeen vaatimissa rajoissa.\u00a0<\/span><\/span><\/span><\/p>\n<p><span style=\"font-family: Georgia, serif;\"><span style=\"font-size: small;\"><b><span style=\"color: #5c2e00;\">Tietojen siirto EU:n tai Euroopan talousalueen ulkopuolelle<br \/>\n<\/span><\/b><\/span><\/span><span style=\"color: #5c2e00;\"><span style=\"font-family: Georgia, serif;\"><span style=\"font-size: small;\">Henkilo\u0308tietoja ei sa\u0308a\u0308nno\u0308nmukaisesti siirreta\u0308 EU:n tai ETA:n ulkopuolelle. Jos tietoja kuitenkin siirreta\u0308a\u0308n, huolehtii rekisterinpita\u0308ja\u0308 henkilo\u0308tietojen suojan riitta\u0308va\u0308sta\u0308 tasosta muun muassa sopimalla henkilo\u0308tietojen luottamuksellisuudesta ja ka\u0308sittelysta\u0308 lain edellytta\u0308ma\u0308lla\u0308 tavalla ja varmistamalla, ett\u00e4 kaikki yhteisty\u00f6kumppanit ovat sitoutuneet EU:n tietosuoja-asetuksen velvoitteisiin.<\/span><\/span><\/span><\/p>\n<p><span style=\"font-family: Georgia, serif;\"><span style=\"font-size: small;\"><b><span style=\"color: #5c2e00;\">Tietojen s\u00e4ilytys<br \/>\n<\/span><\/b><\/span><\/span><span style=\"color: #5c2e00;\"><span style=\"font-family: Georgia, serif;\"><span style=\"font-size: small;\">S\u00e4ilyt\u00e4mme tietoja kirjanpitolaissa m\u00e4\u00e4r\u00e4tyn ajan.\u00a0<\/span><\/span><\/span><\/p>\n<p><span style=\"color: #5c2e00;\">\u00a0<\/span><\/p>\n<p><span style=\"font-family: Georgia, serif;\"><span style=\"font-size: small;\"><b><span style=\"color: #5c2e00;\">Tietojen tarkastuoikeus ja poistaminen<br \/>\n<\/span><\/b><\/span><\/span><span style=\"color: #5c2e00;\"><span style=\"font-family: Georgia, serif;\"><span style=\"font-size: small;\">Rekister\u00f6idyll\u00e4 asiakkaalla on oikeus tarkistaa mit\u00e4 tietoja h\u00e4nest\u00e4 on talletettu. Tarkastuspyynt\u00f6 tulee toimittaa kirjallisena ja allekirjoitettuna henkil\u00f6kohtaisesti tai postitse <\/span><\/span><\/span><span style=\"color: #5c2e00;\"><span style=\"font-family: Georgia, serif;\"><span style=\"font-size: small;\">ASF Sportswear OY<\/span><\/span><\/span><span style=\"color: #5c2e00;\"><span style=\"font-family: Georgia, serif;\"><span style=\"font-size: small;\">:lle. Tarkastuspyynn\u00f6ss\u00e4 tulee olla pyyt\u00e4j\u00e4n\u00a0<\/span><\/span><\/span><span style=\"font-family: Georgia, serif;\"><span style=\"font-size: small;\"><span style=\"color: #5c2e00;\">etu- ja sukunimi, henkil\u00f6tunnus, osoitetiedot ja puhelinnumero. Tarkastuspyynn\u00f6n vastauksen toimitamme postitse 1 kuukauden kuluessa.<\/span><\/span><\/span><\/p>\n","protected":false},"excerpt":{"rendered":"<p>T\u00e4m\u00e4 on ASF Sportswear OY:n EU:n yleisen tietosuoja-asetuksen (GDPR) mukainen rekisteri- ja tietosuojaseloste. Asiakkaan henkil\u00f6tietoja ker\u00e4t\u00e4\u00e4n asiakkaalta itselt\u00e4\u00e4n pureoil.ee verkkokauppaan<\/p>\n","protected":false},"author":1,"featured_media":0,"parent":0,"menu_order":0,"comment_status":"closed","ping_status":"closed","template":"","meta":{"om_disable_all_campaigns":false,"_monsterinsights_skip_tracking":false,"_monsterinsights_sitenote_active":false,"_monsterinsights_sitenote_note":"","_monsterinsights_sitenote_category":0,"_uf_show_specific_survey":0,"_uf_disable_surveys":false,"footnotes":""},"class_list":["post-2991","page","type-page","status-publish","hentry"],"aioseo_notices":[],"_links":{"self":[{"href":"https:\/\/pureoil.ee\/fi\/wp-json\/wp\/v2\/pages\/2991","targetHints":{"allow":["GET"]}}],"collection":[{"href":"https:\/\/pureoil.ee\/fi\/wp-json\/wp\/v2\/pages"}],"about":[{"href":"https:\/\/pureoil.ee\/fi\/wp-json\/wp\/v2\/types\/page"}],"author":[{"embeddable":true,"href":"https:\/\/pureoil.ee\/fi\/wp-json\/wp\/v2\/users\/1"}],"replies":[{"embeddable":true,"href":"https:\/\/pureoil.ee\/fi\/wp-json\/wp\/v2\/comments?post=2991"}],"version-history":[{"count":4,"href":"https:\/\/pureoil.ee\/fi\/wp-json\/wp\/v2\/pages\/2991\/revisions"}],"predecessor-version":[{"id":3068,"href":"https:\/\/pureoil.ee\/fi\/wp-json\/wp\/v2\/pages\/2991\/revisions\/3068"}],"wp:attachment":[{"href":"https:\/\/pureoil.ee\/fi\/wp-json\/wp\/v2\/media?parent=2991"}],"curies":[{"name":"wp","href":"https:\/\/api.w.org\/{rel}","templated":true}]}}