{"id":2977,"date":"2020-04-25T17:18:12","date_gmt":"2020-04-25T17:18:12","guid":{"rendered":"http:\/\/pureoil.ee\/?page_id=2977"},"modified":"2021-04-07T08:24:34","modified_gmt":"2021-04-07T08:24:34","slug":"meist","status":"publish","type":"page","link":"https:\/\/pureoil.ee\/fi\/meist\/","title":{"rendered":"Meist\u00e4"},"content":{"rendered":"<p>[vc_row][vc_column][vc_column_text text_larger=&#8221;no&#8221;]ASF Sportswear OY on Tallinnassa toimiva urheiluasusteiden valmistaja,<br \/>\nkorona-aikana monien muiden alan yritysten tavoin aloimme valmistamaan<br \/>\nkasvomaskeja.<\/p>\n<p>Olemme toimittaneet viimeisten viikkojen aikana tuhansia kasvomaskeja<br \/>\nvirolaisille ja suomalaisille yksityishenkil\u00f6ille ja yrityksille.<br \/>\nSeuraava askel on kunnollisen verkkokaupan perustaminen. Kehit\u00e4mme<br \/>\nsit\u00e4 jatkuvasti ja aiomme lis\u00e4t\u00e4 my\u00f6s ajankohtaista tietoa meilt\u00e4 ja<br \/>\nmuualta.<\/p>\n<p>Tulevaisuudessa verkkokaupastamme voi l\u00f6yt\u00e4\u00e4 my\u00f6s vapaa-ajan<br \/>\nurheilullisia tekstiilej\u00e4 ja tarvikkeita.<\/p>\n<p>Tavoitteemme on tukea kasvomaskien k\u00e4ytt\u00f6\u00e4, n\u00e4in suojaamme omaa ja<br \/>\nl\u00e4heistemme terveytt\u00e4 ja annamme oman panoksemme viruksen<br \/>\nnujertamiseksi.<\/p>\n<p>Pysyk\u00e4\u00e4 tervein\u00e4!<\/p>\n<p>Sven Maibaum<\/p>\n<p>ASF Sportswear O\u00dc, toimitusjohtaja[\/vc_column_text][\/vc_column][\/vc_row]<\/p>\n","protected":false},"excerpt":{"rendered":"<p>[vc_row][vc_column][vc_column_text text_larger=&#8221;no&#8221;]ASF Sportswear OY on Tallinnassa toimiva urheiluasusteiden valmistaja, korona-aikana monien muiden alan yritysten tavoin aloimme valmistamaan kasvomaskeja. Olemme toimittaneet<\/p>\n","protected":false},"author":1,"featured_media":0,"parent":0,"menu_order":0,"comment_status":"closed","ping_status":"closed","template":"","meta":{"om_disable_all_campaigns":false,"_monsterinsights_skip_tracking":false,"_monsterinsights_sitenote_active":false,"_monsterinsights_sitenote_note":"","_monsterinsights_sitenote_category":0,"_uf_show_specific_survey":0,"_uf_disable_surveys":false,"footnotes":""},"class_list":["post-2977","page","type-page","status-publish","hentry"],"aioseo_notices":[],"_links":{"self":[{"href":"https:\/\/pureoil.ee\/fi\/wp-json\/wp\/v2\/pages\/2977","targetHints":{"allow":["GET"]}}],"collection":[{"href":"https:\/\/pureoil.ee\/fi\/wp-json\/wp\/v2\/pages"}],"about":[{"href":"https:\/\/pureoil.ee\/fi\/wp-json\/wp\/v2\/types\/page"}],"author":[{"embeddable":true,"href":"https:\/\/pureoil.ee\/fi\/wp-json\/wp\/v2\/users\/1"}],"replies":[{"embeddable":true,"href":"https:\/\/pureoil.ee\/fi\/wp-json\/wp\/v2\/comments?post=2977"}],"version-history":[{"count":5,"href":"https:\/\/pureoil.ee\/fi\/wp-json\/wp\/v2\/pages\/2977\/revisions"}],"predecessor-version":[{"id":4236,"href":"https:\/\/pureoil.ee\/fi\/wp-json\/wp\/v2\/pages\/2977\/revisions\/4236"}],"wp:attachment":[{"href":"https:\/\/pureoil.ee\/fi\/wp-json\/wp\/v2\/media?parent=2977"}],"curies":[{"name":"wp","href":"https:\/\/api.w.org\/{rel}","templated":true}]}}